{"id":5648,"date":"2018-09-12T13:21:21","date_gmt":"2018-09-12T13:21:21","guid":{"rendered":"https:\/\/j5d.4d0.myftpupload.com\/carrieres\/"},"modified":"2023-05-11T15:17:29","modified_gmt":"2023-05-11T19:17:29","slug":"carrieres","status":"publish","type":"page","link":"https:\/\/www.groupocean.com\/es\/carrieres\/","title":{"rendered":"CARRERAS"},"content":{"rendered":"<p class=\"p1\">Trabajar en Ocean Group es mucho m\u00e1s que un trabajo: es la integraci\u00f3n de nuestros valores de&nbsp;<b>excelencia<\/b>,&nbsp;<b>integridad<\/b>&nbsp;y&nbsp;<b>respeto<\/b>; es&nbsp;<b>pensando como un equipo<\/b>; es queriendo crecer con una \u00fanica estructura donde los retos marcan el ritmo de nuestros d\u00edas. Es tambi\u00e9n unirse a personas apasionadas y viendo el futuro con fortaleza y determinaci\u00f3n. Ocean Group es una empresa de clase mundial con altas ambiciones. Es con nuestros empleados que escribimos&nbsp;<a href=\"\/?page_id=1422\"><span class=\"s1\">nuestra historia<\/span><\/a>&nbsp;y convertimos nuestra empresa en una joya del esp\u00edritu empresarial de Quebec y l\u00edder en la industria mar\u00edtima canadiense.<\/p>\n","protected":false},"excerpt":{"rendered":"<p>Trabajar en Ocean Group es mucho m\u00e1s que un trabajo: es la integraci\u00f3n de nuestros valores de&nbsp;excelencia,&nbsp;integridad&nbsp;y&nbsp;respeto; es&nbsp;pensando como un equipo; es queriendo crecer con una \u00fanica estructura donde los retos marcan el ritmo de nuestros d\u00edas. Es tambi\u00e9n unirse a personas apasionadas y viendo el futuro con fortaleza y determinaci\u00f3n. Ocean Group es una &hellip; <a href=\"https:\/\/www.groupocean.com\/es\/carrieres\/\"><\/a><\/p>\n","protected":false},"author":7,"featured_media":5651,"parent":0,"menu_order":0,"comment_status":"closed","ping_status":"closed","template":"templates\/page-carriere.php","meta":{"_acf_changed":false,"footnotes":""},"class_list":["post-5648","page","type-page","status-publish","has-post-thumbnail","hentry"],"acf":[],"_links":{"self":[{"href":"https:\/\/www.groupocean.com\/es\/wp-json\/wp\/v2\/pages\/5648","targetHints":{"allow":["GET"]}}],"collection":[{"href":"https:\/\/www.groupocean.com\/es\/wp-json\/wp\/v2\/pages"}],"about":[{"href":"https:\/\/www.groupocean.com\/es\/wp-json\/wp\/v2\/types\/page"}],"author":[{"embeddable":true,"href":"https:\/\/www.groupocean.com\/es\/wp-json\/wp\/v2\/users\/7"}],"replies":[{"embeddable":true,"href":"https:\/\/www.groupocean.com\/es\/wp-json\/wp\/v2\/comments?post=5648"}],"version-history":[{"count":2,"href":"https:\/\/www.groupocean.com\/es\/wp-json\/wp\/v2\/pages\/5648\/revisions"}],"predecessor-version":[{"id":8150,"href":"https:\/\/www.groupocean.com\/es\/wp-json\/wp\/v2\/pages\/5648\/revisions\/8150"}],"wp:featuredmedia":[{"embeddable":true,"href":"https:\/\/www.groupocean.com\/es\/wp-json\/wp\/v2\/media\/5651"}],"wp:attachment":[{"href":"https:\/\/www.groupocean.com\/es\/wp-json\/wp\/v2\/media?parent=5648"}],"curies":[{"name":"wp","href":"https:\/\/api.w.org\/{rel}","templated":true}]}}