{"id":9804,"date":"2024-09-11T09:43:59","date_gmt":"2024-09-11T13:43:59","guid":{"rendered":"https:\/\/www.groupocean.com\/?page_id=9804"},"modified":"2024-09-11T09:57:32","modified_gmt":"2024-09-11T13:57:32","slug":"ocean-ambassador-program-philippe-emond","status":"publish","type":"page","link":"https:\/\/www.groupocean.com\/en\/ocean-ambassador-program-philippe-emond\/","title":{"rendered":"Ocean Ambassador Program - Philippe Emond"},"content":{"rendered":"\n<h2 class=\"wp-block-heading\"><strong>Meet Philippe Emond, Tugboat Captain<\/strong><\/h2>\n\n\n\n<p><\/p>\n\n\n\n<div class=\"wp-block-media-text is-stacked-on-mobile\"><figure class=\"wp-block-media-text__media\"><img loading=\"lazy\" decoding=\"async\" width=\"683\" height=\"1024\" src=\"https:\/\/www.groupocean.com\/wp-content\/uploads\/2024\/09\/Capitaine-CLR-7-1-683x1024.jpg\" alt=\"\" class=\"wp-image-9848 size-full\" srcset=\"https:\/\/www.groupocean.com\/wp-content\/uploads\/2024\/09\/Capitaine-CLR-7-1-683x1024.jpg 683w, https:\/\/www.groupocean.com\/wp-content\/uploads\/2024\/09\/Capitaine-CLR-7-1-200x300.jpg 200w, https:\/\/www.groupocean.com\/wp-content\/uploads\/2024\/09\/Capitaine-CLR-7-1-768x1152.jpg 768w, https:\/\/www.groupocean.com\/wp-content\/uploads\/2024\/09\/Capitaine-CLR-7-1-1024x1536.jpg 1024w, https:\/\/www.groupocean.com\/wp-content\/uploads\/2024\/09\/Capitaine-CLR-7-1-1365x2048.jpg 1365w, https:\/\/www.groupocean.com\/wp-content\/uploads\/2024\/09\/Capitaine-CLR-7-1-scaled.jpg 1707w\" sizes=\"auto, (max-width: 683px) 100vw, 683px\" \/><\/figure><div class=\"wp-block-media-text__content\">\n<h4 class=\"wp-block-heading\"><strong>Role <\/strong><\/h4>\n\n\n\n<p>Tugboat Captain<\/p>\n\n\n\n<h4 class=\"wp-block-heading\"><strong><strong>Ocean Group Business Unit<\/strong><\/strong><\/h4>\n\n\n\n<p>Ocean Towing and Navigation<\/p>\n\n\n\n<h4 class=\"wp-block-heading\"><strong>L<\/strong>ocation<\/h4>\n\n\n\n<p>Montr\u00e9al<\/p>\n\n\n\n<h4 class=\"wp-block-heading\"><strong>With Ocean for 7 year<\/strong>s<\/h4>\n<\/div><\/div>\n\n\n\n<div class=\"wp-block-columns is-layout-flex wp-container-core-columns-is-layout-1 wp-block-columns-is-layout-flex\">\n<div class=\"wp-block-column is-layout-flow wp-block-column-is-layout-flow\">\n<h4 class=\"wp-block-heading\"><strong><strong>What is your current role at Ocean Group?<\/strong><\/strong><\/h4>\n\n\n\n<p>I am a tugboat Captain for Oc\u00e9an Remorquage Montr\u00e9al and Oc\u00e9an Navigation. I take part in port towing operations in Montreal and Milne Inlet, and convoy the 36 m tugs to Nunavut every year for our projects with Baffinland Iron Mines. For the past two years, I have also been a captain trainer, teaching new captains how to maneuver in Z-drive.<\/p>\n\n\n\n<h4 class=\"wp-block-heading\"><strong>What drew you to the maritime industry, and Ocean Group in particular?<\/strong><\/h4>\n\n\n\n<p>I had no idea what I wanted to do when I graduated from high school. However, I knew I wanted to have some adventures, study in a city other than Montreal, and have a job that was out of the ordinary (and not 9@5!). This is what brought me to IMQ. As my career progressed, I was attracted to the work schedule offered by Ocean Group and especially to working on tugs. Tugs are the best compromise between working at sea and working on land; you work on the water, but you come home every night. I also liked the aspect of maneuvering every day.<\/p>\n\n\n\n<h4 class=\"wp-block-heading\"><strong>Can you tell us about your career before joining Ocean Group?<\/strong><\/h4>\n\n\n\n<p>After graduating from IMQ, I started my maritime career with CSL, only to realize that I was not a \u201cfan\u201d of big vessels, especially long voyages. So, I started working as a lieutenant for the STQ on the Montmagny - Isle-aux-Grues ferry. After three years as First Officer and Captain, I needed a new challenge and wanted to travel further. This is when I applied for the position of Officer on the OCEAN TRAVERSE NORD (\u201c<strong>OTN<\/strong>\u201d) and my adventure with Ocean Group began. \u00a0<\/p>\n\n\n\n<h4 class=\"wp-block-heading\"><strong><strong><strong>What was your biggest challenge in your time with us, and how did you overcome it?<\/strong><\/strong><\/strong><\/h4>\n\n\n\n<p>Probably learning about Z-drive propulsion systems at the start of my career with Ocean Group. This technology, specific to tugboats, offers the ability to pivot in place, allowing for very precise maneuvers in tight spaces. I remember being so impressed by my instructor, No\u00ebl Lavoie, that I thought I would never be able to do what he showed me. But thanks to his good teaching, here I am, four years later, in his shoes.<\/p>\n\n\n\n<h4 class=\"wp-block-heading\"><strong>How do you think your work impacts the team and the company as a whole?<\/strong><\/h4>\n\n\n\n<p>As a photographer in my spare time, I have made it my mission to share my profession with my community and promote our beautiful company to the outside world. I love sharing my work adventures with Ocean Group employees who may not have the opportunity to see what it's like out there.<\/p>\n\n\n\n<p><strong>How do you see your future within the company?<\/strong><\/p>\n\n\n\n<p>I think it is rare for people of my generation, but I really am on my X. I think I will continue to work for Ocean Group until I retire, and I don't see how I could find another job that would suit me better!<\/p>\n\n\n\n<h4 class=\"wp-block-heading\">Follow the Philippe on social media<\/h4>\n\n\n\n<ul class=\"wp-block-social-links is-layout-flex wp-block-social-links-is-layout-flex\"><li class=\"wp-social-link wp-social-link-instagram  wp-block-social-link\"><a href=\"https:\/\/www.instagram.com\/phil.emond\/\" class=\"wp-block-social-link-anchor\"><svg width=\"24\" height=\"24\" viewBox=\"0 0 24 24\" version=\"1.1\" xmlns=\"http:\/\/www.w3.org\/2000\/svg\" aria-hidden=\"true\" focusable=\"false\"><path d=\"M12,4.622c2.403,0,2.688,0.009,3.637,0.052c0.877,0.04,1.354,0.187,1.671,0.31c0.42,0.163,0.72,0.358,1.035,0.673 c0.315,0.315,0.51,0.615,0.673,1.035c0.123,0.317,0.27,0.794,0.31,1.671c0.043,0.949,0.052,1.234,0.052,3.637 s-0.009,2.688-0.052,3.637c-0.04,0.877-0.187,1.354-0.31,1.671c-0.163,0.42-0.358,0.72-0.673,1.035 c-0.315,0.315-0.615,0.51-1.035,0.673c-0.317,0.123-0.794,0.27-1.671,0.31c-0.949,0.043-1.233,0.052-3.637,0.052 s-2.688-0.009-3.637-0.052c-0.877-0.04-1.354-0.187-1.671-0.31c-0.42-0.163-0.72-0.358-1.035-0.673 c-0.315-0.315-0.51-0.615-0.673-1.035c-0.123-0.317-0.27-0.794-0.31-1.671C4.631,14.688,4.622,14.403,4.622,12 s0.009-2.688,0.052-3.637c0.04-0.877,0.187-1.354,0.31-1.671c0.163-0.42,0.358-0.72,0.673-1.035 c0.315-0.315,0.615-0.51,1.035-0.673c0.317-0.123,0.794-0.27,1.671-0.31C9.312,4.631,9.597,4.622,12,4.622 M12,3 C9.556,3,9.249,3.01,8.289,3.054C7.331,3.098,6.677,3.25,6.105,3.472C5.513,3.702,5.011,4.01,4.511,4.511 c-0.5,0.5-0.808,1.002-1.038,1.594C3.25,6.677,3.098,7.331,3.054,8.289C3.01,9.249,3,9.556,3,12c0,2.444,0.01,2.751,0.054,3.711 c0.044,0.958,0.196,1.612,0.418,2.185c0.23,0.592,0.538,1.094,1.038,1.594c0.5,0.5,1.002,0.808,1.594,1.038 c0.572,0.222,1.227,0.375,2.185,0.418C9.249,20.99,9.556,21,12,21s2.751-0.01,3.711-0.054c0.958-0.044,1.612-0.196,2.185-0.418 c0.592-0.23,1.094-0.538,1.594-1.038c0.5-0.5,0.808-1.002,1.038-1.594c0.222-0.572,0.375-1.227,0.418-2.185 C20.99,14.751,21,14.444,21,12s-0.01-2.751-0.054-3.711c-0.044-0.958-0.196-1.612-0.418-2.185c-0.23-0.592-0.538-1.094-1.038-1.594 c-0.5-0.5-1.002-0.808-1.594-1.038c-0.572-0.222-1.227-0.375-2.185-0.418C14.751,3.01,14.444,3,12,3L12,3z M12,7.378 c-2.552,0-4.622,2.069-4.622,4.622S9.448,16.622,12,16.622s4.622-2.069,4.622-4.622S14.552,7.378,12,7.378z M12,15 c-1.657,0-3-1.343-3-3s1.343-3,3-3s3,1.343,3,3S13.657,15,12,15z M16.804,6.116c-0.596,0-1.08,0.484-1.08,1.08 s0.484,1.08,1.08,1.08c0.596,0,1.08-0.484,1.08-1.08S17.401,6.116,16.804,6.116z\"><\/path><\/svg><span class=\"wp-block-social-link-label screen-reader-text\">Instagram<\/span><\/a><\/li><\/ul>\n<\/div>\n<\/div>\n\n\n<div class=\"wp-block-image\">\n<figure class=\"aligncenter size-large is-resized\"><img loading=\"lazy\" decoding=\"async\" width=\"1024\" height=\"683\" src=\"https:\/\/www.groupocean.com\/wp-content\/uploads\/2024\/09\/DJI_20240724205956_0814_D-1-1-1024x683.jpg\" alt=\"\" class=\"wp-image-9905\" style=\"width:840px;height:auto\" srcset=\"https:\/\/www.groupocean.com\/wp-content\/uploads\/2024\/09\/DJI_20240724205956_0814_D-1-1-1024x683.jpg 1024w, https:\/\/www.groupocean.com\/wp-content\/uploads\/2024\/09\/DJI_20240724205956_0814_D-1-1-300x200.jpg 300w, https:\/\/www.groupocean.com\/wp-content\/uploads\/2024\/09\/DJI_20240724205956_0814_D-1-1-768x512.jpg 768w, https:\/\/www.groupocean.com\/wp-content\/uploads\/2024\/09\/DJI_20240724205956_0814_D-1-1-1536x1024.jpg 1536w, https:\/\/www.groupocean.com\/wp-content\/uploads\/2024\/09\/DJI_20240724205956_0814_D-1-1-2048x1365.jpg 2048w, https:\/\/www.groupocean.com\/wp-content\/uploads\/2024\/09\/DJI_20240724205956_0814_D-1-1-384x256.jpg 384w\" sizes=\"auto, (max-width: 1024px) 100vw, 1024px\" \/><\/figure><\/div>\n\n\n<div style=\"height:18px\" aria-hidden=\"true\" class=\"wp-block-spacer\"><\/div>\n\n\n\n<div class=\"wp-block-columns is-layout-flex wp-container-core-columns-is-layout-2 wp-block-columns-is-layout-flex\">\n<div class=\"wp-block-column is-layout-flow wp-block-column-is-layout-flow\">\n<figure class=\"wp-block-image size-large\"><img loading=\"lazy\" decoding=\"async\" width=\"768\" height=\"1024\" src=\"https:\/\/www.groupocean.com\/wp-content\/uploads\/2024\/09\/Remorquage-printemps-MTL-2023-3-edited-768x1024.jpg\" alt=\"\" class=\"wp-image-9890\" srcset=\"https:\/\/www.groupocean.com\/wp-content\/uploads\/2024\/09\/Remorquage-printemps-MTL-2023-3-edited-768x1024.jpg 768w, https:\/\/www.groupocean.com\/wp-content\/uploads\/2024\/09\/Remorquage-printemps-MTL-2023-3-edited-225x300.jpg 225w, https:\/\/www.groupocean.com\/wp-content\/uploads\/2024\/09\/Remorquage-printemps-MTL-2023-3-edited-1152x1536.jpg 1152w, https:\/\/www.groupocean.com\/wp-content\/uploads\/2024\/09\/Remorquage-printemps-MTL-2023-3-edited-1536x2048.jpg 1536w, https:\/\/www.groupocean.com\/wp-content\/uploads\/2024\/09\/Remorquage-printemps-MTL-2023-3-edited-scaled.jpg 1920w\" sizes=\"auto, (max-width: 768px) 100vw, 768px\" \/><\/figure>\n<\/div>\n\n\n\n<div class=\"wp-block-column is-layout-flow wp-block-column-is-layout-flow\">\n<figure class=\"wp-block-image size-large\"><img loading=\"lazy\" decoding=\"async\" width=\"1919\" height=\"2560\" src=\"https:\/\/www.groupocean.com\/wp-content\/uploads\/2024\/09\/Capitaine-CLR-11-1-edited-1-scaled.jpg\" alt=\"\" class=\"wp-image-9929\" srcset=\"https:\/\/www.groupocean.com\/wp-content\/uploads\/2024\/09\/Capitaine-CLR-11-1-edited-1-scaled.jpg 1919w, https:\/\/www.groupocean.com\/wp-content\/uploads\/2024\/09\/Capitaine-CLR-11-1-edited-1-225x300.jpg 225w, https:\/\/www.groupocean.com\/wp-content\/uploads\/2024\/09\/Capitaine-CLR-11-1-edited-1-768x1024.jpg 768w, https:\/\/www.groupocean.com\/wp-content\/uploads\/2024\/09\/Capitaine-CLR-11-1-edited-1-1151x1536.jpg 1151w, https:\/\/www.groupocean.com\/wp-content\/uploads\/2024\/09\/Capitaine-CLR-11-1-edited-1-1535x2048.jpg 1535w\" sizes=\"auto, (max-width: 1919px) 100vw, 1919px\" \/><\/figure>\n<\/div>\n\n\n\n<div class=\"wp-block-column is-layout-flow wp-block-column-is-layout-flow\">\n<figure class=\"wp-block-image size-large\"><img loading=\"lazy\" decoding=\"async\" width=\"1920\" height=\"2560\" src=\"https:\/\/www.groupocean.com\/wp-content\/uploads\/2024\/09\/Remorquage-printemps-MTL-2023-5-1-edited-scaled.jpg\" alt=\"\" class=\"wp-image-9926\" srcset=\"https:\/\/www.groupocean.com\/wp-content\/uploads\/2024\/09\/Remorquage-printemps-MTL-2023-5-1-edited-scaled.jpg 1920w, https:\/\/www.groupocean.com\/wp-content\/uploads\/2024\/09\/Remorquage-printemps-MTL-2023-5-1-edited-225x300.jpg 225w, https:\/\/www.groupocean.com\/wp-content\/uploads\/2024\/09\/Remorquage-printemps-MTL-2023-5-1-edited-768x1024.jpg 768w, https:\/\/www.groupocean.com\/wp-content\/uploads\/2024\/09\/Remorquage-printemps-MTL-2023-5-1-edited-1152x1536.jpg 1152w, https:\/\/www.groupocean.com\/wp-content\/uploads\/2024\/09\/Remorquage-printemps-MTL-2023-5-1-edited-1536x2048.jpg 1536w\" sizes=\"auto, (max-width: 1920px) 100vw, 1920px\" \/><\/figure>\n<\/div>\n<\/div>\n","protected":false},"excerpt":{"rendered":"<p>Meet Philippe Emond, Tugboat Captain Role Tugboat Captain Ocean Group Business Unit Ocean Towing and Navigation Location Montr\u00e9al With Ocean for 7 years What is your current role at Ocean Group? I am a tugboat Captain for Oc\u00e9an Remorquage Montr\u00e9al and Oc\u00e9an Navigation. I take part in port towing operations in Montreal and Milne Inlet, &hellip; <a href=\"https:\/\/www.groupocean.com\/en\/ocean-ambassador-program-philippe-emond\/\"><\/a><\/p>\n","protected":false},"author":22,"featured_media":9917,"parent":0,"menu_order":0,"comment_status":"closed","ping_status":"closed","template":"","meta":{"_acf_changed":false,"footnotes":""},"class_list":["post-9804","page","type-page","status-publish","has-post-thumbnail","hentry"],"acf":[],"_links":{"self":[{"href":"https:\/\/www.groupocean.com\/en\/wp-json\/wp\/v2\/pages\/9804","targetHints":{"allow":["GET"]}}],"collection":[{"href":"https:\/\/www.groupocean.com\/en\/wp-json\/wp\/v2\/pages"}],"about":[{"href":"https:\/\/www.groupocean.com\/en\/wp-json\/wp\/v2\/types\/page"}],"author":[{"embeddable":true,"href":"https:\/\/www.groupocean.com\/en\/wp-json\/wp\/v2\/users\/22"}],"replies":[{"embeddable":true,"href":"https:\/\/www.groupocean.com\/en\/wp-json\/wp\/v2\/comments?post=9804"}],"version-history":[{"count":3,"href":"https:\/\/www.groupocean.com\/en\/wp-json\/wp\/v2\/pages\/9804\/revisions"}],"predecessor-version":[{"id":10023,"href":"https:\/\/www.groupocean.com\/en\/wp-json\/wp\/v2\/pages\/9804\/revisions\/10023"}],"wp:featuredmedia":[{"embeddable":true,"href":"https:\/\/www.groupocean.com\/en\/wp-json\/wp\/v2\/media\/9917"}],"wp:attachment":[{"href":"https:\/\/www.groupocean.com\/en\/wp-json\/wp\/v2\/media?parent=9804"}],"curies":[{"name":"wp","href":"https:\/\/api.w.org\/{rel}","templated":true}]}}