{"id":9783,"date":"2024-07-31T17:36:53","date_gmt":"2024-07-31T21:36:53","guid":{"rendered":"https:\/\/www.groupocean.com\/rapport\/"},"modified":"2024-08-30T14:09:45","modified_gmt":"2024-08-30T18:09:45","slug":"report","status":"publish","type":"page","link":"https:\/\/www.groupocean.com\/en\/report\/","title":{"rendered":"Report"},"content":{"rendered":"\n<h2 class=\"wp-block-heading\">REPORT ON COMBATING FORCED LABOR IN SUPPLY CHAINS<\/h2>\n\n\n\n<p class=\"has-text-align-center\">Report jointly issued by:<\/p>\n\n\n\n<p class=\"has-text-align-center\">GESTION OC\u00c9AN INC.<\/p>\n\n\n\n<p class=\"has-text-align-center\">9145-9164 QU\u00c9BEC INC.<\/p>\n\n\n\n<p class=\"has-text-align-center\">9079-2508 QU\u00c9BEC INC.<\/p>\n\n\n\n<p class=\"has-text-align-center\">9431-3418 QU\u00c9BEC INC.<\/p>\n\n\n\n<p class=\"has-text-align-center\">9431-3558 QU\u00c9BEC INC.<\/p>\n\n\n\n<p class=\"has-text-align-center\">9215-7064 QU\u00c9BEC INC.<\/p>\n\n\n\n<p class=\"has-text-align-center\">GESTION CHANTIERS MARITIMES OC\u00c9AN INC.<\/p>\n\n\n\n<p class=\"has-text-align-center\">GESTION REMORQUAGE OC\u00c9AN INC.<\/p>\n\n\n\n<p class=\"has-text-align-center\">GESTION TMO\/DRAGAGE OC\u00c9AN INC.<\/p>\n\n\n\n<p class=\"has-text-align-center\">May 31, 2024<\/p>\n\n\n\n<h3 class=\"wp-block-heading\">INTRODUCTION<\/h3>\n\n\n\n<p>This report has been prepared in accordance with and for the purpose of complying with the Act on Combating Forced Labor and Child Labor in Supply Chains, L.C. 2023, c. 9 (the \"Act\"). It outlines the measures taken by Groupe Oc\u00e9an for the period from August 1, 2022, to August 31, 2023, to identify and address the risks of forced labor and child labor in its activities and supply chains. It should be noted that the financial year-end covered by this report for some Entities is July 31, 2023, while for others it is August 31, 2023.<\/p>\n\n\n\n<h3 class=\"wp-block-heading\">ABOUT GROUPE OC\u00c9AN<\/h3>\n\n\n\n<p>For 50 years, Groupe Oc\u00e9an has been part of the maritime landscape in Quebec, and now in Canada and the Caribbean. It is a leader in integrated maritime services on the Saint Lawrence, is present throughout Canadian territory, and continues its international development.<\/p>\n\n\n\n<h3 class=\"wp-block-heading\">IDENTIFICATION OF ENTITIES<\/h3>\n\n\n\n<p>For the purposes of this report, the term \"Entity\" has the meaning provided in the Act.<\/p>\n\n\n\n<p>In this report, and solely for the purposes of this report, the term \"Groupe Oc\u00e9an\" refers to all the Entities that have jointly approved this report, namely:<\/p>\n\n\n\n<figure class=\"wp-block-table\"><table><thead><tr><th>Legal Name <br>of the Entity<\/th><th>Type of<br>Organization<\/th><th>Quebec Business Number<\/th><th>Federal Business Number<\/th><th>Head Office Address<\/th><th>Sector of Activity<\/th><\/tr><\/thead><tbody><tr><td>GESTION OC\u00c9AN<br>INC.<\/td><td>Corporation incorporated on August 26, 1991, governed by the Business Corporations Act, RLRQ c S-31.1<\/td><td>1143497684<\/td><td>895374742<\/td><td>500-105 Abraham-Martin Street<br>Qu\u00e9bec (Quebec)<br>G1K 8N1 Canada<\/td><td>Holding Company<\/td><\/tr><tr><td>9145-9164 QU\u00c9BEC<br>INC.<\/td><td>Corporation incorporated on August 25, 2004, governed by the Business Corporations Act, RLRQ c S-31.1<\/td><td>1162448014<\/td><td>849020276<\/td><td>500-105 Abraham-Martin Street<br>Qu\u00e9bec (Quebec)<br>G1K 8N1 Canada<\/td><td>Holding Company<\/td><\/tr><tr><td>9079-2508 QU\u00c9BEC<br>INC.<\/td><td>Corporation incorporated on May 4, 2005, governed by the Business Corporations Act, RLRQ c S-31.1<\/td><td>1162971551<\/td><td>877436121<\/td><td>500-105 Abraham-Martin Street<br>Qu\u00e9bec (Quebec)<br>G1K 8N1 Canada<\/td><td>Holding Company<\/td><\/tr><tr><td>9431-3418 QU\u00c9BEC<br>INC.<\/td><td>Corporation incorporated on December 15, 2020, governed by the Business Corporations Act, RLRQ c S-31.1<\/td><td>1176064294<\/td><td>788526200<\/td><td>500-105 Abraham-Martin Street<br>Qu\u00e9bec (Quebec)<br>G1K 8N1 Canada<\/td><td>Holding Company<\/td><\/tr><tr><td>9431-3558 QU\u00c9BEC<br>INC.<\/td><td>Corporation incorporated on December 15, 2020, governed by the Business Corporations Act, RLRQ c S-31.1<\/td><td>1176064690<\/td><td>788528404<\/td><td>500-105 rue<br>Abraham-Martin<br>Qu\u00e9bec (Qu\u00e9bec)<br>G1K 8N1 Canada<\/td><td>Holding Company<\/td><\/tr><tr><td>9215-7064 QU\u00c9BEC<br>INC.<\/td><td>Corporation incorporated on November 5, 2009, governed by the Business Corporations Act, RLRQ c S-31.1<\/td><td>1166209297<\/td><td>837886258<\/td><td>500-105 Abraham-Martin Street<br>Qu\u00e9bec (Quebec)<br>G1K 8N1 Canada<\/td><td>Holding Company and Intellectual Property Licensing Company<\/td><\/tr><tr><td>GESTION<br>CHANTIERS<br>MARITIMES OC\u00c9AN<br>INC.<\/td><td>Corporation incorporated on July 31, 2014, governed by the Business Corporations Act, RLRQ c S-31.1<\/td><td>1170254230<\/td><td>833967383<\/td><td>500-105 rue<br>Abraham-Martin<br>Qu\u00e9bec (Qu\u00e9bec)<br>G1K 8N1 Canada<\/td><td>Holding Company<\/td><\/tr><tr><td>GESTION<br>REMORQUAGE<br>OC\u00c9AN INC.<\/td><td>Corporation incorporated on July 31, 2014, governed by the Business Corporations Act, RLRQ c S-31.1<\/td><td>1170254453<\/td><td>837728799<\/td><td>500-105 Abraham-Martin Street<br>Qu\u00e9bec (Quebec)<br>G1K 8N1 Canada<\/td><td>Holding Company<\/td><\/tr><tr><td>GESTION<br>TMO\/DRAGAGE<br>OC\u00c9AN INC.<\/td><td>Corporation incorporated on October 17, 2013, governed by the Business Corporations Act, RLRQ c S-31.1<\/td><td>1169549137<\/td><td>827993635<\/td><td>500-105 rue<br>Abraham-Martin<br>Qu\u00e9bec (Qu\u00e9bec)<br>G1K 8N1 Canada<\/td><td>Holding Company<\/td><\/tr><\/tbody><\/table><\/figure>\n\n\n\n<h3 class=\"wp-block-heading\">SUBJECTION TO THE LAW<\/h3>\n\n\n\n<p>Each Entity within Groupe Oc\u00e9an is subject solely to Canadian reporting requirements. Although, with the exception of 9215-7064 Qu\u00e9bec inc., each Entity within Groupe Oc\u00e9an is a corporation with no commercial activity, it qualifies as an Entity due to the commercial activities of its operating subsidiaries and sub-subsidiaries. Thus, through their subsidiaries and sub-subsidiaries, each of Groupe Oc\u00e9an\u2019s Entities has a commercial presence in Canada, as they have an establishment in Canada, conduct activities there, or own assets there and, according to their consolidated financial statements, meet at least two of the following conditions for at least one of their last two fiscal years:<\/p>\n\n\n\n<p>a) they have assets worth at least $20,000,000;<\/p>\n\n\n\n<p>b) they have generated revenues of at least $40,000,000;<\/p>\n\n\n\n<p>c) they employ an average of at least 250 employees.<\/p>\n\n\n\n<h4 class=\"wp-block-heading\">A. STRUCTURE, ACTIVITIES, AND SUPPLY CHAINS<\/h4>\n\n\n\n<h5 class=\"wp-block-heading\">STRUCTURE OF GROUPE OC\u00c9AN<\/h5>\n\n\n\n<p><strong>Legal and Organizational Structure<\/strong><\/p>\n\n\n\n<p>Each Entity within Groupe Oc\u00e9an is a corporation governed by the Business Corporations Act, RLRQ c S-31.1. We refer you to the introduction section of this report for more information on each Entity.<\/p>\n\n\n\n<p>The companies controlled, directly or indirectly, by the Entities of Groupe Oc\u00e9an can be segmented into seven main categories:<\/p>\n\n\n\n<p>a) Companies operating activities related to shipyards;<\/p>\n\n\n\n<p>b) Companies operating activities related to pilot services on the Saint Lawrence River;<\/p>\n\n\n\n<p>c) Companies operating towing activities;<\/p>\n\n\n\n<p>d) Companies operating dredging activities;<\/p>\n\n\n\n<p>e) Companies operating maritime works;<\/p>\n\n\n\n<p>f) Companies operating equipment and vessel rental activities;<\/p>\n\n\n\n<p>g) Companies operating personnel management and administrative services activities.<\/p>\n\n\n\n<p>Although each operating company is part of the same corporate group, they operate distinct businesses and are contractually autonomous.<\/p>\n\n\n\n<p><strong>Number of Employees<\/strong><\/p>\n\n\n\n<p>Groupe Oc\u00e9an, considering all its subsidiaries and sub-subsidiaries, has approximately 1,007 employees located in Canada and about 37 employees located in Jamaica.<\/p>\n\n\n\n<p><strong>Governance of Entities<\/strong><\/p>\n\n\n\n<p>It is possible to distinguish two categories of Entities within Groupe Oc\u00e9an based on their governance: on one side, the Entities that directly or indirectly control 9215-7064 Qu\u00e9bec inc., and on the other side, 9215-7064 Qu\u00e9bec inc. and its subsidiaries and sub-subsidiaries. The distinction is made at the level of 9215-7064 Qu\u00e9bec inc. due to the presence of institutional investors as shareholders, namely: CDP Investissements inc. and Fonds de solidarit\u00e9 des travailleurs du Qu\u00e9bec (F.T.Q.). Certain decisions of 9215-7064 Qu\u00e9bec inc. and its subsidiaries and sub-subsidiaries require the consent of these investors to take effect.<\/p>\n\n\n\n<p>The day-to-day management and operation of the subsidiaries and sub-subsidiaries of 9215-7064 Qu\u00e9bec inc. is the responsibility of the President and CEO of 9215-7064 Qu\u00e9bec inc., Mr. Jacques Tanguay. He has the authority to bind each of these subsidiaries or sub-subsidiaries regarding their supply chains.<\/p>\n\n\n\n<p>As for the Entities that directly or indirectly control 9215-7064 Qu\u00e9bec inc., namely 9431-3418 Qu\u00e9bec inc., 9079-2508 Qu\u00e9bec inc., 9145-9164 Qu\u00e9bec inc., and Gestion Oc\u00e9an inc., they also have no employees and neither produce nor import any goods. These Entities are controlled, directly or indirectly, by Mr. Gordon Bain and are managed by their respective boards of directors.<\/p>\n\n\n\n<h3 class=\"wp-block-heading\">OUR ACTIVITIES<\/h3>\n\n\n\n<p>Groupe Oc\u00e9an operates in the maritime services sector. The tables below illustrate the main activities carried out by companies that are directly or indirectly controlled by an Entity of Groupe Oc\u00e9an, as well as the types of goods produced, sold, distributed, or imported, and their annual quantities.<\/p>\n\n\n\n<p>Considering that Gestion Oc\u00e9an inc., 9145-9164 Qu\u00e9bec inc., 9079-2508 Qu\u00e9bec inc., 9431-3418 Qu\u00e9bec inc., 9431-3558 Qu\u00e9bec inc., and 9215-7064 Qu\u00e9bec inc. control all the Entities mentioned in the tables below, the information mentioned in these tables applies to them as well.<\/p>\n\n\n\n<p><strong>Production; Sales and Distribution<\/strong><\/p>\n\n\n\n<figure class=\"wp-block-table\"><table><thead><tr><th>Targeted Entity<\/th><th>Economic Activities of Subsidiaries and Sub-subsidiaries It Controls<\/th><th>Jurisdiction of Business Operations<\/th><th>Production; Sales; Distribution<\/th><th>Relevant Goods and Approximate Quantities<\/th><th>Jurisdiction (Exportation)<\/th><\/tr><\/thead><tbody><tr><td>GESTION<br>CHANTIERS<br>MARITIMES<br>OC\u00c9AN INC.<\/td><td>Shipbuilding and Repair<\/td><td>Canada<\/td><td>Production, Sales, Processing<\/td><td>Imported Steel for Shipbuilding and Repair: 1.5 million pounds<br><br>Imported Engines for Shipbuilding and Repair: 4 to 8 complete engines<br><br>Imported Ship Parts for Shipbuilding and Repair: Several thousand diverse components for mechanical systems, hydraulics, pneumatics, navigation equipment, finishing components (doors, windows, walls, paint, insulation), industrial tools, and manufacturing supplies.<\/td><td>Canada<\/td><\/tr><tr><td>GESTION<br>REMORQUAGE<br>OC\u00c9AN INC.<\/td><td>Harbor Towing<\/td><td>Canada et<br>Jama\u00efque<\/td><td>N\/A<\/td><td>N\/A<\/td><td>N\/A<\/td><\/tr><tr><td>GESTION<br>TMO\/DRAGAGE<br>OC\u00c9AN INC.<\/td><td>Dredging Services<\/td><td>Canada<\/td><td>N\/A<\/td><td>N\/A<\/td><td>N\/A<\/td><\/tr><\/tbody><\/table><\/figure>\n\n\n\n<p><strong>Importation<\/strong><\/p>\n\n\n\n<figure class=\"wp-block-table\"><table><thead><tr><th>Targeted Entity<\/th><th>Economic Activities of Subsidiaries and Sub-subsidiaries It Controls<\/th><th>Jurisdiction of Business Operations<\/th><th>Relevant Goods and Approximate Quantities Imported (Annual Basis)<\/th><th>Jurisdiction (Importation)<\/th><\/tr><\/thead><tbody><tr><td>GESTION<br>CHANTIERS<br>MARITIMES<br>OC\u00c9AN INC.<\/td><td>Shipbuilding and Repair<\/td><td>Canada<\/td><td>Steel: 1.5 million pounds<br><br>Moteurs : 4 \u00e0 8 moteurs complets<br><br>Ship Parts: Several thousand diverse components for mechanical systems, hydraulics, pneumatics, navigation equipment, finishing components (doors, windows, walls, paint, insulation), industrial tools, and manufacturing supplies.<\/td><td>Canada, United States, China, Germany, Spain, France, United Kingdom, Italy, Netherlands, Norway, Romania, Turkey<\/td><\/tr><tr><td>GESTION<br>REMORQUAGE<br>OC\u00c9AN INC.<\/td><td>Harbor Towing<\/td><td>Canada et Jama\u00efque<\/td><td>Several thousand diverse components necessary for our navigation and harbor towing operations, including mechanical components, safety equipment, paint, finishing parts, anchors, chains, mooring lines, nautical charts, electronic and automation components, navigation aid systems, hydraulic parts, pumps, engines, piping, and plumbing.<\/td><td>Canada, United States, Belgium, Czechia, Denmark, India, Jamaica, Netherlands<\/td><\/tr><tr><td>GESTION<br>TMO\/DRAGAGE<br>OC\u00c9AN INC.<\/td><td>Dredging Services<\/td><td>Canada<\/td><td>Several thousand diverse components necessary for our navigation and harbor towing operations, including mechanical components, safety equipment, paint, finishing parts, anchors, chains, mooring lines, nautical charts, electronic and automation components, navigation aid systems, hydraulic parts, pumps, engines, piping, and plumbing. Additionally, there are equipment specific to dredging operations, such as buckets, dredging cranes, workboats, seabed detection equipment, barges, and winches.<\/td><td>Canada, United States, China, Germany, Netherlands, Norway<\/td><\/tr><\/tbody><\/table><\/figure>\n\n\n\n<h3 class=\"wp-block-heading\">OUR SUPPLY CHAINS<\/h3>\n\n\n\n<p>Our supply network includes approximately 1,500 direct and capital goods suppliers, as well as 150 service providers. This network includes various strategic partners covering a wide range of areas, such as the supply of raw materials, electronic components, propulsion systems, and technical and logistical services.<\/p>\n\n\n\n<p>Our suppliers are primarily located in Canada, the United States, and the European Union. A small percentage of them are located in Asia. The goods we source from Asia include mechanical components, hydraulic components, wall panels, doors, windows, anchors, mooring lines, chains, and anodes.<\/p>\n\n\n\n<p>As a vertically integrated company, we are involved in all stages of the value chain, including shipbuilding, maintenance, and operations. This integration allows us to ensure consistent quality and optimal coordination at every stage of our projects. Nearly all of our supplier network plays a dual role, serving as both direct and indirect suppliers. They supply our shipyards for contracts intended for our external clients and also contribute to the manufacturing, maintenance, repair, and upkeep of our own assets for our maritime and towing operations.<\/p>\n\n\n\n<h4 class=\"wp-block-heading\">B. POLICIES AND DUE DILIGENCE PROCESSES RELATED TO FORCED LABOR AND CHILD LABOR<\/h4>\n\n\n\n<p>Given the nature of Groupe Oc\u00e9an's supply chains and the fact that almost all jurisdictions involved in the importation of goods used by Groupe Oc\u00e9an have enacted laws prohibiting forced labor and child labor, the Entities within Groupe Oc\u00e9an have not, at this time, implemented specific policies or due diligence processes regarding forced labor and child labor.<\/p>\n\n\n\n<h4 class=\"wp-block-heading\">C. RISKS OF FORCED LABOR OR CHILD LABOR<\/h4>\n\n\n\n<p>Groupe Oc\u00e9an has entrusted the management of its human resources to one of the subsidiaries of 9215-7064 Qu\u00e9bec inc., which ensures that the employment standards set out by applicable Canadian and provincial laws are followed by all operating subsidiaries and sub-subsidiaries of Groupe Oc\u00e9an. Therefore, to the best of Groupe Oc\u00e9an's knowledge, no risks of forced labor or child labor have been identified in its own activities or those of its subsidiaries and sub-subsidiaries. However, considering Groupe Oc\u00e9an's supply chains and the jurisdictions involved in the importation of goods used by Groupe Oc\u00e9an, the Entities within Groupe Oc\u00e9an have not, at this time, begun a formal process to determine the risks of forced labor or child labor being used in the activities of their direct or indirect suppliers.<\/p>\n\n\n\n<h4 class=\"wp-block-heading\">D. MEASURES TAKEN TO REMEDY THE USE OF FORCED LABOR OR CHILD LABOR<\/h4>\n\n\n\n<p>Given that Groupe Oc\u00e9an has not identified any risks of forced labor or child labor being used in its own activities, those of its subsidiaries and sub-subsidiaries, or those of their direct or indirect suppliers, no measures have been taken to remedy forced labor or child labor within Groupe Oc\u00e9an's activities and supply chains.<\/p>\n\n\n\n<h4 class=\"wp-block-heading\">E. MEASURES TAKEN TO REMEDY REVENUE LOSSES CAUSED BY THESE MEASURES<\/h4>\n\n\n\n<p>Since Groupe Oc\u00e9an has not taken any measures to remedy forced labor or child labor within its activities and supply chains, no measures have been taken to remedy the revenue losses of the most vulnerable families caused by any measure aimed at eliminating the use of forced labor or child labor within Groupe Oc\u00e9an's activities and supply chains.<\/p>\n\n\n\n<h4 class=\"wp-block-heading\">F. EMPLOYEE TRAINING<\/h4>\n\n\n\n<p>Considering Groupe Oc\u00e9an's supply chains and the jurisdictions involved, the Entities within Groupe Oc\u00e9an have not, at this time, implemented training on forced labor and child labor but have established a health and safety training program that is accessible to all employees based on their trade and, in some cases, is mandatory.<\/p>\n\n\n\n<h4 class=\"wp-block-heading\">G. ASSESSMENT OF THE EFFECTIVENESS AND IMPACT OF OUR ACTIONS<\/h4>\n\n\n\n<p>Given Groupe Oc\u00e9an's supply chains and the jurisdictions involved, and since the Entities within Groupe Oc\u00e9an have not, at this time, implemented policies or due diligence processes regarding forced labor and child labor, no measures have been taken to assess the effectiveness of preventing and reducing the risks of forced labor or child labor within Groupe Oc\u00e9an's activities and supply chains.<\/p>\n\n\n\n<h3 class=\"wp-block-heading\">APPROVALS<\/h3>\n\n\n\n<p>This report has been approved by the respective boards of directors of the following Entities: 9431-3418 Qu\u00e9bec inc., 9079-2508 Qu\u00e9bec inc., 9145-9164 Qu\u00e9bec inc., and Gestion Oc\u00e9an inc., which appointed Mr. Gordon Bain as the signatory of the report.<\/p>\n\n\n\n<p>In accordance with the requirements of the Act on Combating Forced Labor and Child Labor in Supply Chains, and in particular Section 11 of this Act, I certify that I have reviewed the information contained in the report for the entity or entities listed above. To the best of my knowledge, and after exercising due diligence, I certify that the information contained in the report is truthful, accurate, and complete in all material respects for the purposes of the Act, for the reporting year mentioned above.<\/p>\n","protected":false},"excerpt":{"rendered":"<p>REPORT ON COMBATING FORCED LABOR IN SUPPLY CHAINS Report jointly issued by: GESTION OC\u00c9AN INC. 9145-9164 QU\u00c9BEC INC. 9079-2508 QU\u00c9BEC INC. 9431-3418 QU\u00c9BEC INC. 9431-3558 QU\u00c9BEC INC. 9215-7064 QU\u00c9BEC INC. GESTION CHANTIERS MARITIMES OC\u00c9AN INC. GESTION REMORQUAGE OC\u00c9AN INC. GESTION TMO\/DRAGAGE OC\u00c9AN INC. May 31, 2024 INTRODUCTION This report has been prepared in accordance with &hellip; <a href=\"https:\/\/www.groupocean.com\/en\/report\/\"><\/a><\/p>\n","protected":false},"author":27,"featured_media":0,"parent":0,"menu_order":0,"comment_status":"closed","ping_status":"closed","template":"","meta":{"_acf_changed":false,"footnotes":""},"class_list":["post-9783","page","type-page","status-publish","hentry"],"acf":[],"_links":{"self":[{"href":"https:\/\/www.groupocean.com\/en\/wp-json\/wp\/v2\/pages\/9783","targetHints":{"allow":["GET"]}}],"collection":[{"href":"https:\/\/www.groupocean.com\/en\/wp-json\/wp\/v2\/pages"}],"about":[{"href":"https:\/\/www.groupocean.com\/en\/wp-json\/wp\/v2\/types\/page"}],"author":[{"embeddable":true,"href":"https:\/\/www.groupocean.com\/en\/wp-json\/wp\/v2\/users\/27"}],"replies":[{"embeddable":true,"href":"https:\/\/www.groupocean.com\/en\/wp-json\/wp\/v2\/comments?post=9783"}],"version-history":[{"count":3,"href":"https:\/\/www.groupocean.com\/en\/wp-json\/wp\/v2\/pages\/9783\/revisions"}],"predecessor-version":[{"id":9789,"href":"https:\/\/www.groupocean.com\/en\/wp-json\/wp\/v2\/pages\/9783\/revisions\/9789"}],"wp:attachment":[{"href":"https:\/\/www.groupocean.com\/en\/wp-json\/wp\/v2\/media?parent=9783"}],"curies":[{"name":"wp","href":"https:\/\/api.w.org\/{rel}","templated":true}]}}