{"id":9592,"date":"2024-08-08T13:14:08","date_gmt":"2024-08-08T17:14:08","guid":{"rendered":"https:\/\/www.groupocean.com\/?page_id=9592"},"modified":"2024-08-08T13:14:09","modified_gmt":"2024-08-08T17:14:09","slug":"ocean-ambassador-program-jean-lecours","status":"publish","type":"page","link":"https:\/\/www.groupocean.com\/en\/ocean-ambassador-program-jean-lecours\/","title":{"rendered":"Ocean Ambassador Program - Jean Lecours"},"content":{"rendered":"\n<h2 class=\"wp-block-heading\"><strong>Meet Jean Lecours, A3 mechanic team leader<\/strong><\/h2>\n\n\n\n<p><\/p>\n\n\n\n<div class=\"wp-block-media-text is-stacked-on-mobile\"><figure class=\"wp-block-media-text__media\"><img loading=\"lazy\" decoding=\"async\" width=\"1024\" height=\"1024\" src=\"https:\/\/www.groupocean.com\/wp-content\/uploads\/2024\/07\/0X9A4494-edited-1024x1024.jpg\" alt=\"\" class=\"wp-image-9222 size-full\" srcset=\"https:\/\/www.groupocean.com\/wp-content\/uploads\/2024\/07\/0X9A4494-edited-1024x1024.jpg 1024w, https:\/\/www.groupocean.com\/wp-content\/uploads\/2024\/07\/0X9A4494-edited-150x150.jpg 150w, https:\/\/www.groupocean.com\/wp-content\/uploads\/2024\/07\/0X9A4494-edited-300x300.jpg 300w, https:\/\/www.groupocean.com\/wp-content\/uploads\/2024\/07\/0X9A4494-edited-768x768.jpg 768w, https:\/\/www.groupocean.com\/wp-content\/uploads\/2024\/07\/0X9A4494-edited-1536x1536.jpg 1536w, https:\/\/www.groupocean.com\/wp-content\/uploads\/2024\/07\/0X9A4494-edited-2048x2048.jpg 2048w\" sizes=\"auto, (max-width: 1024px) 100vw, 1024px\" \/><\/figure><div class=\"wp-block-media-text__content\">\n<h4 class=\"wp-block-heading\"><strong>Role <\/strong><\/h4>\n\n\n\n<p><strong>A3 Mechanic Team Leader<\/strong><\/p>\n\n\n\n<h4 class=\"wp-block-heading\"><strong><strong>Ocean Group Business Unit<\/strong><\/strong><\/h4>\n\n\n\n<p>Naval Construction and Repair<\/p>\n\n\n\n<h4 class=\"wp-block-heading\"><strong>L<\/strong>ocation<\/h4>\n\n\n\n<p>Qu\u00e9bec City <\/p>\n\n\n\n<h4 class=\"wp-block-heading\"><strong>With Ocean for 13 year<\/strong>s<\/h4>\n<\/div><\/div>\n\n\n\n<div style=\"height:22px\" aria-hidden=\"true\" class=\"wp-block-spacer\"><\/div>\n\n\n\n<div class=\"wp-block-columns is-layout-flex wp-container-core-columns-is-layout-1 wp-block-columns-is-layout-flex\">\n<div class=\"wp-block-column is-layout-flow wp-block-column-is-layout-flow\">\n<hr class=\"wp-block-separator has-alpha-channel-opacity\"\/>\n\n\n\n<div style=\"height:22px\" aria-hidden=\"true\" class=\"wp-block-spacer\"><\/div>\n\n\n\n<h4 class=\"wp-block-heading\">Can you tell us about your career at Ocean?<\/h4>\n\n\n\n<p>My experience at Ocean began at the Isle-aux-Coudres shipyard, where I worked for over three years. During that time, I helped build several Ocean tugs, including the OCEAN PIERRE-JULIEN and the <a href=\"https:\/\/www.groupocean.com\/en\/realisation\/commissioning-of-the-most-powerful-harbour-tug-in-eastern-canada\/\">OCEAN TUNDRA<\/a>. I was then transferred to Quebec City to join the industrial naval repair division. During these years, I worked on the repair and maintenance of several vessels, including Coast Guard and Soci\u00e9t\u00e9 des traversiers du Qu\u00e9bec boats.<\/p>\n\n\n\n<h4 class=\"wp-block-heading\">Can you describe your role as A3 mechanic team leader?<\/h4>\n\n\n\n<p>My day-to-day work mainly involves installing and repairing mechanical systems on ships under construction or in dry dock. This involves inspecting, maintaining and repairing ships' propulsion systems, ventilation systems, propellers and hull valves. Now that I'm a team leader, I help the foremen manage the team and share my knowledge. After 22 years in the marine industry, I've learned a lot, and now I'm passing on this know-how to the younger generation!<\/p>\n\n\n\n<h4 class=\"wp-block-heading\">What has been the biggest challenge you've faced on your journey here, and how did you overcome it?<\/h4>\n\n\n\n<p>One of the biggest challenges was a few years ago on the UMIAK I cargo ship. We had to check the bolts on the ship's propeller blades in the middle of winter, at -30\u00b0C, here in Quebec City. The boat was still in the water and we had to ballast the entire bow and empty the stern to gain access to the propellers. It took us several days of preparation, and despite the extreme conditions, we did a great job! A great challenge!<\/p>\n\n\n\n<h4 class=\"wp-block-heading\"><strong>What motivates you most in your job?<\/strong><\/h4>\n\n\n\n<p>What I like most about my job is that it's never routine. Every day brings new challenges, and that's what motivates me. I particularly enjoy sharing my experience and training the next generation of marine workers.<\/p>\n<\/div>\n<\/div>\n\n\n<div class=\"wp-block-image\">\n<figure class=\"aligncenter size-large\"><img loading=\"lazy\" decoding=\"async\" width=\"1024\" height=\"683\" src=\"https:\/\/www.groupocean.com\/wp-content\/uploads\/2024\/08\/0X9A4516-1024x683.jpg\" alt=\"\" class=\"wp-image-9594\" srcset=\"https:\/\/www.groupocean.com\/wp-content\/uploads\/2024\/08\/0X9A4516-1024x683.jpg 1024w, https:\/\/www.groupocean.com\/wp-content\/uploads\/2024\/08\/0X9A4516-300x200.jpg 300w, https:\/\/www.groupocean.com\/wp-content\/uploads\/2024\/08\/0X9A4516-768x512.jpg 768w, https:\/\/www.groupocean.com\/wp-content\/uploads\/2024\/08\/0X9A4516-1536x1024.jpg 1536w, https:\/\/www.groupocean.com\/wp-content\/uploads\/2024\/08\/0X9A4516-2048x1365.jpg 2048w, https:\/\/www.groupocean.com\/wp-content\/uploads\/2024\/08\/0X9A4516-384x256.jpg 384w\" sizes=\"auto, (max-width: 1024px) 100vw, 1024px\" \/><\/figure><\/div>\n\n\n<div style=\"height:33px\" aria-hidden=\"true\" class=\"wp-block-spacer\"><\/div>\n\n\n\n<div class=\"wp-block-columns is-layout-flex wp-container-core-columns-is-layout-2 wp-block-columns-is-layout-flex\">\n<div class=\"wp-block-column is-layout-flow wp-block-column-is-layout-flow\">\n<figure class=\"wp-block-image size-large\"><img loading=\"lazy\" decoding=\"async\" width=\"683\" height=\"1024\" src=\"https:\/\/www.groupocean.com\/wp-content\/uploads\/2024\/08\/0X9A4566-683x1024.jpg\" alt=\"\" class=\"wp-image-9600\" srcset=\"https:\/\/www.groupocean.com\/wp-content\/uploads\/2024\/08\/0X9A4566-683x1024.jpg 683w, https:\/\/www.groupocean.com\/wp-content\/uploads\/2024\/08\/0X9A4566-200x300.jpg 200w, https:\/\/www.groupocean.com\/wp-content\/uploads\/2024\/08\/0X9A4566-768x1152.jpg 768w, https:\/\/www.groupocean.com\/wp-content\/uploads\/2024\/08\/0X9A4566-1024x1536.jpg 1024w, https:\/\/www.groupocean.com\/wp-content\/uploads\/2024\/08\/0X9A4566-1365x2048.jpg 1365w, https:\/\/www.groupocean.com\/wp-content\/uploads\/2024\/08\/0X9A4566-scaled.jpg 1707w\" sizes=\"auto, (max-width: 683px) 100vw, 683px\" \/><\/figure>\n<\/div>\n\n\n\n<div class=\"wp-block-column is-layout-flow wp-block-column-is-layout-flow\">\n<figure class=\"wp-block-image size-large\"><img loading=\"lazy\" decoding=\"async\" width=\"683\" height=\"1024\" src=\"https:\/\/www.groupocean.com\/wp-content\/uploads\/2024\/08\/0X9A4483-683x1024.jpg\" alt=\"\" class=\"wp-image-9597\" srcset=\"https:\/\/www.groupocean.com\/wp-content\/uploads\/2024\/08\/0X9A4483-683x1024.jpg 683w, https:\/\/www.groupocean.com\/wp-content\/uploads\/2024\/08\/0X9A4483-200x300.jpg 200w, https:\/\/www.groupocean.com\/wp-content\/uploads\/2024\/08\/0X9A4483-768x1152.jpg 768w, https:\/\/www.groupocean.com\/wp-content\/uploads\/2024\/08\/0X9A4483-1024x1536.jpg 1024w, https:\/\/www.groupocean.com\/wp-content\/uploads\/2024\/08\/0X9A4483-1365x2048.jpg 1365w, https:\/\/www.groupocean.com\/wp-content\/uploads\/2024\/08\/0X9A4483-scaled.jpg 1707w\" sizes=\"auto, (max-width: 683px) 100vw, 683px\" \/><\/figure>\n<\/div>\n<\/div>\n","protected":false},"excerpt":{"rendered":"<p>Meet Jean Lecours, A3 mechanic team leader Role A3 Mechanic Team Leader Ocean Group Business Unit Naval Construction and Repair Location Qu\u00e9bec City With Ocean for 13 years Can you tell us about your career at Ocean? My experience at Ocean began at the Isle-aux-Coudres shipyard, where I worked for over three years. During that &hellip; <a href=\"https:\/\/www.groupocean.com\/en\/ocean-ambassador-program-jean-lecours\/\"><\/a><\/p>\n","protected":false},"author":22,"featured_media":9219,"parent":0,"menu_order":0,"comment_status":"closed","ping_status":"closed","template":"","meta":{"_acf_changed":false,"footnotes":""},"class_list":["post-9592","page","type-page","status-publish","has-post-thumbnail","hentry"],"acf":[],"_links":{"self":[{"href":"https:\/\/www.groupocean.com\/en\/wp-json\/wp\/v2\/pages\/9592","targetHints":{"allow":["GET"]}}],"collection":[{"href":"https:\/\/www.groupocean.com\/en\/wp-json\/wp\/v2\/pages"}],"about":[{"href":"https:\/\/www.groupocean.com\/en\/wp-json\/wp\/v2\/types\/page"}],"author":[{"embeddable":true,"href":"https:\/\/www.groupocean.com\/en\/wp-json\/wp\/v2\/users\/22"}],"replies":[{"embeddable":true,"href":"https:\/\/www.groupocean.com\/en\/wp-json\/wp\/v2\/comments?post=9592"}],"version-history":[{"count":1,"href":"https:\/\/www.groupocean.com\/en\/wp-json\/wp\/v2\/pages\/9592\/revisions"}],"predecessor-version":[{"id":9604,"href":"https:\/\/www.groupocean.com\/en\/wp-json\/wp\/v2\/pages\/9592\/revisions\/9604"}],"wp:featuredmedia":[{"embeddable":true,"href":"https:\/\/www.groupocean.com\/en\/wp-json\/wp\/v2\/media\/9219"}],"wp:attachment":[{"href":"https:\/\/www.groupocean.com\/en\/wp-json\/wp\/v2\/media?parent=9592"}],"curies":[{"name":"wp","href":"https:\/\/api.w.org\/{rel}","templated":true}]}}